{"id":356,"date":"2019-05-06T14:22:07","date_gmt":"2019-05-06T12:22:07","guid":{"rendered":"https:\/\/gdanskibc.pl\/strona-glowna\/"},"modified":"2021-02-10T13:18:12","modified_gmt":"2021-02-10T12:18:12","slug":"strona-glowna","status":"publish","type":"page","link":"https:\/\/gdanskibc.pl\/en\/","title":{"rendered":"Offices for rent Warszawa \u017boliborz | Gda\u0144ski Business Center"},"content":{"rendered":"","protected":false},"excerpt":{"rendered":"","protected":false},"author":1,"featured_media":0,"parent":0,"menu_order":0,"comment_status":"closed","ping_status":"closed","template":"page-templates\/homePage.php","meta":{"footnotes":""},"acf":[],"yoast_head":"<!-- This site is optimized with the Yoast SEO plugin v21.0 - https:\/\/yoast.com\/wordpress\/plugins\/seo\/ -->\n<title>Offices for rent Warszawa \u017boliborz | Gda\u0144ski Business Center | Gda\u0144ski Business Center<\/title>\n<meta name=\"description\" content=\"Modern office complex in Warsaw \u017boliborz. Perfect location, high standard. Check us\" \/>\n<meta name=\"robots\" content=\"index, follow, max-snippet:-1, max-image-preview:large, max-video-preview:-1\" \/>\n<link rel=\"canonical\" href=\"https:\/\/gdanskibc.pl\/en\/\" \/>\n<meta property=\"og:locale\" content=\"en_US\" \/>\n<meta property=\"og:type\" content=\"article\" \/>\n<meta property=\"og:title\" content=\"Offices for rent Warszawa \u017boliborz | Gda\u0144ski Business Center | Gda\u0144ski Business Center\" \/>\n<meta property=\"og:description\" content=\"Modern office complex in Warsaw \u017boliborz. Perfect location, high standard. Check us\" \/>\n<meta property=\"og:url\" content=\"https:\/\/gdanskibc.pl\/en\/\" \/>\n<meta property=\"og:site_name\" content=\"Gda\u0144ski Business Center\" \/>\n<meta property=\"article:modified_time\" content=\"2021-02-10T12:18:12+00:00\" \/>\n<meta name=\"twitter:card\" content=\"summary_large_image\" \/>\n<script type=\"application\/ld+json\" class=\"yoast-schema-graph\">{\"@context\":\"https:\/\/schema.org\",\"@graph\":[{\"@type\":\"WebPage\",\"@id\":\"https:\/\/gdanskibc.pl\/en\/\",\"url\":\"https:\/\/gdanskibc.pl\/en\/\",\"name\":\"Offices for rent Warszawa \u017boliborz | Gda\u0144ski Business Center | Gda\u0144ski Business Center\",\"isPartOf\":{\"@id\":\"https:\/\/gdanskibc.pl\/#website\"},\"datePublished\":\"2019-05-06T12:22:07+00:00\",\"dateModified\":\"2021-02-10T12:18:12+00:00\",\"description\":\"Modern office complex in Warsaw \u017boliborz. Perfect location, high standard. Check us\",\"breadcrumb\":{\"@id\":\"https:\/\/gdanskibc.pl\/en\/#breadcrumb\"},\"inLanguage\":\"en-US\",\"potentialAction\":[{\"@type\":\"ReadAction\",\"target\":[\"https:\/\/gdanskibc.pl\/en\/\"]}]},{\"@type\":\"BreadcrumbList\",\"@id\":\"https:\/\/gdanskibc.pl\/en\/#breadcrumb\",\"itemListElement\":[{\"@type\":\"ListItem\",\"position\":1,\"name\":\"Home page\",\"item\":\"https:\/\/gdanskibc.pl\/en\/\"},{\"@type\":\"ListItem\",\"position\":2,\"name\":\"Offices for rent Warszawa \u017boliborz | Gda\u0144ski Business Center\"}]},{\"@type\":\"WebSite\",\"@id\":\"https:\/\/gdanskibc.pl\/#website\",\"url\":\"https:\/\/gdanskibc.pl\/\",\"name\":\"Gda\u0144ski Business Center\",\"description\":\"\",\"potentialAction\":[{\"@type\":\"SearchAction\",\"target\":{\"@type\":\"EntryPoint\",\"urlTemplate\":\"https:\/\/gdanskibc.pl\/?s={search_term_string}\"},\"query-input\":\"required name=search_term_string\"}],\"inLanguage\":\"en-US\"}]}<\/script>\n<!-- \/ Yoast SEO plugin. -->","yoast_head_json":{"title":"Offices for rent Warszawa \u017boliborz | Gda\u0144ski Business Center | Gda\u0144ski Business Center","description":"Modern office complex in Warsaw \u017boliborz. Perfect location, high standard. Check us","robots":{"index":"index","follow":"follow","max-snippet":"max-snippet:-1","max-image-preview":"max-image-preview:large","max-video-preview":"max-video-preview:-1"},"canonical":"https:\/\/gdanskibc.pl\/en\/","og_locale":"en_US","og_type":"article","og_title":"Offices for rent Warszawa \u017boliborz | Gda\u0144ski Business Center | Gda\u0144ski Business Center","og_description":"Modern office complex in Warsaw \u017boliborz. Perfect location, high standard. Check us","og_url":"https:\/\/gdanskibc.pl\/en\/","og_site_name":"Gda\u0144ski Business Center","article_modified_time":"2021-02-10T12:18:12+00:00","twitter_card":"summary_large_image","schema":{"@context":"https:\/\/schema.org","@graph":[{"@type":"WebPage","@id":"https:\/\/gdanskibc.pl\/en\/","url":"https:\/\/gdanskibc.pl\/en\/","name":"Offices for rent Warszawa \u017boliborz | Gda\u0144ski Business Center | Gda\u0144ski Business Center","isPartOf":{"@id":"https:\/\/gdanskibc.pl\/#website"},"datePublished":"2019-05-06T12:22:07+00:00","dateModified":"2021-02-10T12:18:12+00:00","description":"Modern office complex in Warsaw \u017boliborz. Perfect location, high standard. Check us","breadcrumb":{"@id":"https:\/\/gdanskibc.pl\/en\/#breadcrumb"},"inLanguage":"en-US","potentialAction":[{"@type":"ReadAction","target":["https:\/\/gdanskibc.pl\/en\/"]}]},{"@type":"BreadcrumbList","@id":"https:\/\/gdanskibc.pl\/en\/#breadcrumb","itemListElement":[{"@type":"ListItem","position":1,"name":"Home page","item":"https:\/\/gdanskibc.pl\/en\/"},{"@type":"ListItem","position":2,"name":"Offices for rent Warszawa \u017boliborz | Gda\u0144ski Business Center"}]},{"@type":"WebSite","@id":"https:\/\/gdanskibc.pl\/#website","url":"https:\/\/gdanskibc.pl\/","name":"Gda\u0144ski Business Center","description":"","potentialAction":[{"@type":"SearchAction","target":{"@type":"EntryPoint","urlTemplate":"https:\/\/gdanskibc.pl\/?s={search_term_string}"},"query-input":"required name=search_term_string"}],"inLanguage":"en-US"}]}},"_links":{"self":[{"href":"https:\/\/gdanskibc.pl\/en\/wp-json\/wp\/v2\/pages\/356"}],"collection":[{"href":"https:\/\/gdanskibc.pl\/en\/wp-json\/wp\/v2\/pages"}],"about":[{"href":"https:\/\/gdanskibc.pl\/en\/wp-json\/wp\/v2\/types\/page"}],"author":[{"embeddable":true,"href":"https:\/\/gdanskibc.pl\/en\/wp-json\/wp\/v2\/users\/1"}],"replies":[{"embeddable":true,"href":"https:\/\/gdanskibc.pl\/en\/wp-json\/wp\/v2\/comments?post=356"}],"version-history":[{"count":0,"href":"https:\/\/gdanskibc.pl\/en\/wp-json\/wp\/v2\/pages\/356\/revisions"}],"wp:attachment":[{"href":"https:\/\/gdanskibc.pl\/en\/wp-json\/wp\/v2\/media?parent=356"}],"curies":[{"name":"wp","href":"https:\/\/api.w.org\/{rel}","templated":true}]}}